{"id":66,"date":"2019-09-12T03:03:24","date_gmt":"2019-09-12T03:03:24","guid":{"rendered":"http:\/\/www.yoga.st\/?page_id=66"},"modified":"2022-05-07T18:19:46","modified_gmt":"2022-05-07T17:19:46","slug":"tanja","status":"publish","type":"page","link":"https:\/\/www.yoga.st\/index.php\/tanja\/","title":{"rendered":"Tanja"},"content":{"rendered":"<p>Um meinen eigenen k\u00f6rperlichen und seelischen Beschwerden auf den Grund zu gehen, fand ich pers\u00f6nlich vor ca. 25 Jahren den Weg zu Yoga &#8211; und diese Begeisterung hat mich nie wieder losgelassen.<\/p>\n<p>Meine eigene Praxis ist zu einer stetigen K\u00f6rperreise geworden, sich zu st\u00e4rken, zu \u00f6ffnen, zu atmen, sich aus dem Alltag herauszunehmen um den Gedankenstrudel zu durchbrechen, ins Sp\u00fcren zu gehen um mit dem zu Arbeiten was gerade m\u00f6glich ist.<\/p>\n<p>Die Yogazeremonien haben mich durch meine schwierigsten Zeiten in meinem Leben begleitet, mich gehalten , getragen , mich das Annehmen und Loslassen gelehrt. Und dies bis zum heutigen Tag.<\/p>\n<p>Mit Akzeptanz , Offenheit und Liebe .<\/p>\n<p>Mit der Zeit hat sich diese Begeisterung weiterentwickelt und die Freude daran, Yoga nicht nur selbst regelm\u00e4\u00dfig zu praktizieren, sondern dieses Wissen und meine pers\u00f6nlichen Erfahrungen auch weiterzugeben hat in mir den Entschluss reifen lassen, selbst Yoga zu unterrichten.<\/p>\n<p>Umfassende Aus- und Fortbildungen bilden hierzu das Fundament meiner Unterrichtsarbeit.<\/p>\n<ul>\n<li>Zweij\u00e4hrige Yoga-Lehrer-Ausbildung bei Maria Sintschnig und Dr. Gernot Tr\u00e4ger<\/li>\n<li>Intensiv-Fortbildung Auroville \/ Indien<\/li>\n<li>Forrest Yoga Foundation Training bei Ana Forrest in Peterborough\/ UK<\/li>\n<li>Forrest Yoga &#8211; Mentorship Programm mit Sandra Robinson \/ Berlin<\/li>\n<li>Forrest Yoga &#8211; Mentorship Programm mit Sandra Robinson \/ Wien<\/li>\n<li>Forrest Yoga &#8211; CET mit Sandra Robinson<\/li>\n<li>Verschiedene Workshops bei internationalen Yoga-Lehrern<\/li>\n<\/ul>\n","protected":false},"excerpt":{"rendered":"<p>Um meinen eigenen k\u00f6rperlichen und seelischen Beschwerden auf den Grund zu gehen, fand ich pers\u00f6nlich vor ca. 25 Jahren den Weg zu Yoga &#8211; und diese Begeisterung hat mich nie wieder losgelassen. Meine eigene Praxis ist zu einer stetigen K\u00f6rperreise geworden, sich zu st\u00e4rken, zu \u00f6ffnen, zu atmen, sich aus dem Alltag herauszunehmen um den &hellip; <\/p>\n<p class=\"link-more\"><a href=\"https:\/\/www.yoga.st\/index.php\/tanja\/\" class=\"more-link\"><span class=\"screen-reader-text\">\u201eTanja\u201c<\/span> weiterlesen<\/a><\/p>\n","protected":false},"author":1,"featured_media":88,"parent":0,"menu_order":0,"comment_status":"closed","ping_status":"closed","template":"","meta":{"footnotes":""},"_links":{"self":[{"href":"https:\/\/www.yoga.st\/index.php\/wp-json\/wp\/v2\/pages\/66"}],"collection":[{"href":"https:\/\/www.yoga.st\/index.php\/wp-json\/wp\/v2\/pages"}],"about":[{"href":"https:\/\/www.yoga.st\/index.php\/wp-json\/wp\/v2\/types\/page"}],"author":[{"embeddable":true,"href":"https:\/\/www.yoga.st\/index.php\/wp-json\/wp\/v2\/users\/1"}],"replies":[{"embeddable":true,"href":"https:\/\/www.yoga.st\/index.php\/wp-json\/wp\/v2\/comments?post=66"}],"version-history":[{"count":14,"href":"https:\/\/www.yoga.st\/index.php\/wp-json\/wp\/v2\/pages\/66\/revisions"}],"predecessor-version":[{"id":204,"href":"https:\/\/www.yoga.st\/index.php\/wp-json\/wp\/v2\/pages\/66\/revisions\/204"}],"wp:featuredmedia":[{"embeddable":true,"href":"https:\/\/www.yoga.st\/index.php\/wp-json\/wp\/v2\/media\/88"}],"wp:attachment":[{"href":"https:\/\/www.yoga.st\/index.php\/wp-json\/wp\/v2\/media?parent=66"}],"curies":[{"name":"wp","href":"https:\/\/api.w.org\/{rel}","templated":true}]}}