{"id":18,"date":"2019-09-10T05:33:11","date_gmt":"2019-09-10T05:33:11","guid":{"rendered":"http:\/\/www.yoga.st\/?page_id=18"},"modified":"2019-09-12T15:36:51","modified_gmt":"2019-09-12T14:36:51","slug":"forrest","status":"publish","type":"page","link":"https:\/\/www.yoga.st\/index.php\/forrest\/","title":{"rendered":"Forrest Yoga"},"content":{"rendered":"<h5><span style=\"color: #000000;\">Forrest Yoga \u2013 Mehr als nur \u00dcbungen<\/span><\/h5>\n<p>Ana Forrest, die weltbekannte Yogapionierin, Autorin und Schamanin hat Forrest Yoga vor mehr als 40 Jahren gegr\u00fcndet. Durch die Weiterentwicklung und Adaption des traditionellen Yoga entstand ein intelligentes, lebendiges und offenes System, angepasst an die Bed\u00fcrfnisse des westlichen Lebensstils unserer K\u00f6rper. Sozusagen DAS Yoga f\u00fcr den Menschen des 21. Jahrhunderts!<br \/><br \/>Forrest Yoga ist intensiv, herausfordernd und besticht mit seiner intelligenten \u00dcbungsabfolge. Dadurch wird die Aufmerksamkeit auf die inneren Prozesse gelenkt und unterst\u00fctzt, den eigenen K\u00f6rper bewusst wahrzunehmen, ein liebevolles Verh\u00e4ltnis aufzubauen und seine Botschaften zu h\u00f6ren. Seitens der Lehrenden werden gezielte Hilfestellungen in Form von Ber\u00fchrung (Hands-on) gegeben, um die eigene Yogapraxis noch intensiver zu erleben.<br \/><br \/>Daher ist Forrest Yoga ideal f\u00fcr Menschen die viel sitzen, viel arbeiten, gro\u00dfen Druck ausgesetzt sind aber auch f\u00fcr alle die mehr Lebensqualit\u00e4t und innere Ruhe suchen. Der K\u00f6rper erf\u00e4hrt auf physischer, emotionaler und spiritueller Ebene St\u00e4rkung.<\/p>\n<p><em>Forrest Yoga is about bringing aliveness into your life. It is about bringing spirit into every action in your life. If your spirit quails from something in your life, then you need to look at it and find out if it really belongs there. If it doesn\u2019t, practicing yoga can give you the strength to change. <br \/><span style=\"color: #000000;\"><strong>Ana Forrest<\/strong><\/span><\/em><\/p>\n\n\n<p><\/p>\n","protected":false},"excerpt":{"rendered":"<p>Forrest Yoga \u2013 Mehr als nur \u00dcbungen Ana Forrest, die weltbekannte Yogapionierin, Autorin und Schamanin hat Forrest Yoga vor mehr als 40 Jahren gegr\u00fcndet. Durch die Weiterentwicklung und Adaption des traditionellen Yoga entstand ein intelligentes, lebendiges und offenes System, angepasst an die Bed\u00fcrfnisse des westlichen Lebensstils unserer K\u00f6rper. Sozusagen DAS Yoga f\u00fcr den Menschen des &hellip; <\/p>\n<p class=\"link-more\"><a href=\"https:\/\/www.yoga.st\/index.php\/forrest\/\" class=\"more-link\"><span class=\"screen-reader-text\">\u201eForrest Yoga\u201c<\/span> weiterlesen<\/a><\/p>\n","protected":false},"author":1,"featured_media":96,"parent":0,"menu_order":0,"comment_status":"closed","ping_status":"closed","template":"","meta":{"footnotes":""},"_links":{"self":[{"href":"https:\/\/www.yoga.st\/index.php\/wp-json\/wp\/v2\/pages\/18"}],"collection":[{"href":"https:\/\/www.yoga.st\/index.php\/wp-json\/wp\/v2\/pages"}],"about":[{"href":"https:\/\/www.yoga.st\/index.php\/wp-json\/wp\/v2\/types\/page"}],"author":[{"embeddable":true,"href":"https:\/\/www.yoga.st\/index.php\/wp-json\/wp\/v2\/users\/1"}],"replies":[{"embeddable":true,"href":"https:\/\/www.yoga.st\/index.php\/wp-json\/wp\/v2\/comments?post=18"}],"version-history":[{"count":5,"href":"https:\/\/www.yoga.st\/index.php\/wp-json\/wp\/v2\/pages\/18\/revisions"}],"predecessor-version":[{"id":129,"href":"https:\/\/www.yoga.st\/index.php\/wp-json\/wp\/v2\/pages\/18\/revisions\/129"}],"wp:featuredmedia":[{"embeddable":true,"href":"https:\/\/www.yoga.st\/index.php\/wp-json\/wp\/v2\/media\/96"}],"wp:attachment":[{"href":"https:\/\/www.yoga.st\/index.php\/wp-json\/wp\/v2\/media?parent=18"}],"curies":[{"name":"wp","href":"https:\/\/api.w.org\/{rel}","templated":true}]}}